{"id":100,"date":"2022-07-21T19:14:34","date_gmt":"2022-07-21T19:14:34","guid":{"rendered":"https:\/\/imoltda.com\/?page_id=100"},"modified":"2022-07-21T19:38:43","modified_gmt":"2022-07-21T19:38:43","slug":"quienes-somos","status":"publish","type":"page","link":"https:\/\/imoltda.com\/?page_id=100","title":{"rendered":"Qui\u00e9nes Somos"},"content":{"rendered":"\t\t<div data-elementor-type=\"wp-page\" data-elementor-id=\"100\" class=\"elementor elementor-100\">\n\t\t\t\t\t\t\t\t\t<section class=\"elementor-section elementor-top-section elementor-element elementor-element-40cc92f elementor-section-height-min-height elementor-section-boxed elementor-section-height-default elementor-section-items-middle\" data-id=\"40cc92f\" data-element_type=\"section\" data-settings=\"{&quot;background_background&quot;:&quot;classic&quot;}\">\n\t\t\t\t\t\t<div class=\"elementor-container elementor-column-gap-default\">\n\t\t\t\t\t<div class=\"elementor-column elementor-col-50 elementor-top-column elementor-element elementor-element-426e860\" data-id=\"426e860\" data-element_type=\"column\">\n\t\t\t<div class=\"elementor-widget-wrap elementor-element-populated\">\n\t\t\t\t\t\t\t\t<div class=\"elementor-element elementor-element-1792683 elementor-widget elementor-widget-text-editor\" data-id=\"1792683\" data-element_type=\"widget\" data-widget_type=\"text-editor.default\">\n\t\t\t\t<div class=\"elementor-widget-container\">\n\t\t\t<style>\/*! elementor - v3.11.5 - 14-03-2023 *\/\n.elementor-widget-text-editor.elementor-drop-cap-view-stacked .elementor-drop-cap{background-color:#818a91;color:#fff}.elementor-widget-text-editor.elementor-drop-cap-view-framed .elementor-drop-cap{color:#818a91;border:3px solid;background-color:transparent}.elementor-widget-text-editor:not(.elementor-drop-cap-view-default) .elementor-drop-cap{margin-top:8px}.elementor-widget-text-editor:not(.elementor-drop-cap-view-default) .elementor-drop-cap-letter{width:1em;height:1em}.elementor-widget-text-editor .elementor-drop-cap{float:left;text-align:center;line-height:1;font-size:50px}.elementor-widget-text-editor .elementor-drop-cap-letter{display:inline-block}<\/style>\t\t\t\tNUESTRA HISTORIA\t\t\t\t\t\t<\/div>\n\t\t\t\t<\/div>\n\t\t\t\t<div class=\"elementor-element elementor-element-6f24fda elementor-widget elementor-widget-text-editor\" data-id=\"6f24fda\" data-element_type=\"widget\" data-widget_type=\"text-editor.default\">\n\t\t\t\t<div class=\"elementor-widget-container\">\n\t\t\t\t\t\t\t<p class=\"p1\">La Inmunizadora de Maderas del Oriente Ltda fue fundada en el a\u00f1o 1979. Al iniciar la empresa orient\u00f3 sus esfuerzos al procesamiento y comercializaci\u00f3n de maderas inmunizadas bajo altos est\u00e1ndares de calidad, cumpliendo m\u00e1s de 40 a\u00f1os de trabajo exitoso en los sectores el\u00e9ctricos, mineros y de construcci\u00f3n.<\/p><p class=\"p1\">En su trayectoria la empresa ha destacado por el cumplimiento y calidad de sus servicios, as\u00ed como por el respeto y compromiso con el cuidado al medio ambiente, posicion\u00e1ndose como una de las empresas de inmunizaci\u00f3n de maderas con mayor respeto y reconocimiento a nivel nacional.<\/p>\t\t\t\t\t\t<\/div>\n\t\t\t\t<\/div>\n\t\t\t\t\t<\/div>\n\t\t<\/div>\n\t\t\t\t<div class=\"elementor-column elementor-col-50 elementor-top-column elementor-element elementor-element-97d335e\" data-id=\"97d335e\" data-element_type=\"column\">\n\t\t\t<div class=\"elementor-widget-wrap\">\n\t\t\t\t\t\t\t\t\t<\/div>\n\t\t<\/div>\n\t\t\t\t\t\t\t<\/div>\n\t\t<\/section>\n\t\t\t\t<section class=\"elementor-section elementor-top-section elementor-element elementor-element-b708dea elementor-section-full_width elementor-section-height-default elementor-section-height-default\" data-id=\"b708dea\" data-element_type=\"section\" data-settings=\"{&quot;background_background&quot;:&quot;classic&quot;}\">\n\t\t\t\t\t\t<div class=\"elementor-container elementor-column-gap-default\">\n\t\t\t\t\t<div class=\"elementor-column elementor-col-50 elementor-top-column elementor-element elementor-element-2bc63cf\" data-id=\"2bc63cf\" data-element_type=\"column\">\n\t\t\t<div class=\"elementor-widget-wrap elementor-element-populated\">\n\t\t\t\t\t\t\t\t<div class=\"elementor-element elementor-element-d94e2f2 elementor-widget elementor-widget-text-editor\" data-id=\"d94e2f2\" data-element_type=\"widget\" data-widget_type=\"text-editor.default\">\n\t\t\t\t<div class=\"elementor-widget-container\">\n\t\t\t\t\t\t\tQUI\u00c9NES SOMOS\t\t\t\t\t\t<\/div>\n\t\t\t\t<\/div>\n\t\t\t\t<div class=\"elementor-element elementor-element-9ce000e elementor-widget elementor-widget-text-editor\" data-id=\"9ce000e\" data-element_type=\"widget\" data-widget_type=\"text-editor.default\">\n\t\t\t\t<div class=\"elementor-widget-container\">\n\t\t\t\t\t\t\t<p class=\"p1\">Somos una empresa l\u00edder del sector de procesamiento de maderas de inmejorable calidad, respondiendo siempre a las necesidades y requerimientos de nuestros clientes en el marco de los est\u00e1ndares internacionales de \u00faltima generaci\u00f3n en materia de responsabilidad social y ambiental.<\/p>\t\t\t\t\t\t<\/div>\n\t\t\t\t<\/div>\n\t\t\t\t\t<\/div>\n\t\t<\/div>\n\t\t\t\t<div class=\"elementor-column elementor-col-50 elementor-top-column elementor-element elementor-element-1fb0a89\" data-id=\"1fb0a89\" data-element_type=\"column\">\n\t\t\t<div class=\"elementor-widget-wrap elementor-element-populated\">\n\t\t\t\t\t\t\t\t<div class=\"elementor-element elementor-element-edfe05e elementor-widget elementor-widget-image\" data-id=\"edfe05e\" data-element_type=\"widget\" data-widget_type=\"image.default\">\n\t\t\t\t<div class=\"elementor-widget-container\">\n\t\t\t<style>\/*! elementor - v3.11.5 - 14-03-2023 *\/\n.elementor-widget-image{text-align:center}.elementor-widget-image a{display:inline-block}.elementor-widget-image a img[src$=\".svg\"]{width:48px}.elementor-widget-image img{vertical-align:middle;display:inline-block}<\/style>\t\t\t\t\t\t\t\t\t\t\t\t<img width=\"968\" height=\"655\" src=\"https:\/\/imoltda.com\/wp-content\/uploads\/2022\/07\/Pag-Web-08.png\" class=\"attachment-large size-large wp-image-110\" alt=\"\" loading=\"lazy\" srcset=\"https:\/\/imoltda.com\/wp-content\/uploads\/2022\/07\/Pag-Web-08.png 968w, https:\/\/imoltda.com\/wp-content\/uploads\/2022\/07\/Pag-Web-08-300x203.png 300w, https:\/\/imoltda.com\/wp-content\/uploads\/2022\/07\/Pag-Web-08-768x520.png 768w\" sizes=\"(max-width: 968px) 100vw, 968px\" \/>\t\t\t\t\t\t\t\t\t\t\t\t\t\t\t<\/div>\n\t\t\t\t<\/div>\n\t\t\t\t\t<\/div>\n\t\t<\/div>\n\t\t\t\t\t\t\t<\/div>\n\t\t<\/section>\n\t\t\t\t<section class=\"elementor-section elementor-top-section elementor-element elementor-element-2202ad0 elementor-section-boxed elementor-section-height-default elementor-section-height-default\" data-id=\"2202ad0\" data-element_type=\"section\" data-settings=\"{&quot;background_background&quot;:&quot;classic&quot;}\">\n\t\t\t\t\t\t<div class=\"elementor-container elementor-column-gap-default\">\n\t\t\t\t\t<div class=\"elementor-column elementor-col-33 elementor-top-column elementor-element elementor-element-4fb031c\" data-id=\"4fb031c\" data-element_type=\"column\">\n\t\t\t<div class=\"elementor-widget-wrap elementor-element-populated\">\n\t\t\t\t\t\t\t\t<div class=\"elementor-element elementor-element-26e72af elementor-widget elementor-widget-text-editor\" data-id=\"26e72af\" data-element_type=\"widget\" data-widget_type=\"text-editor.default\">\n\t\t\t\t<div class=\"elementor-widget-container\">\n\t\t\t\t\t\t\tCertificados por:\t\t\t\t\t\t<\/div>\n\t\t\t\t<\/div>\n\t\t\t\t\t<\/div>\n\t\t<\/div>\n\t\t\t\t<div class=\"elementor-column elementor-col-33 elementor-top-column elementor-element elementor-element-8502af2\" data-id=\"8502af2\" data-element_type=\"column\">\n\t\t\t<div class=\"elementor-widget-wrap elementor-element-populated\">\n\t\t\t\t\t\t\t\t<div class=\"elementor-element elementor-element-57d0dce elementor-widget elementor-widget-image\" data-id=\"57d0dce\" data-element_type=\"widget\" data-widget_type=\"image.default\">\n\t\t\t\t<div class=\"elementor-widget-container\">\n\t\t\t\t\t\t\t\t\t\t\t\t\t\t\t<img width=\"413\" height=\"145\" src=\"https:\/\/imoltda.com\/wp-content\/uploads\/2022\/07\/Pag-Web-17.png\" class=\"attachment-large size-large wp-image-15\" alt=\"\" loading=\"lazy\" srcset=\"https:\/\/imoltda.com\/wp-content\/uploads\/2022\/07\/Pag-Web-17.png 413w, https:\/\/imoltda.com\/wp-content\/uploads\/2022\/07\/Pag-Web-17-300x105.png 300w\" sizes=\"(max-width: 413px) 100vw, 413px\" \/>\t\t\t\t\t\t\t\t\t\t\t\t\t\t\t<\/div>\n\t\t\t\t<\/div>\n\t\t\t\t\t<\/div>\n\t\t<\/div>\n\t\t\t\t<div class=\"elementor-column elementor-col-33 elementor-top-column elementor-element elementor-element-58d5ac9\" data-id=\"58d5ac9\" data-element_type=\"column\">\n\t\t\t<div class=\"elementor-widget-wrap elementor-element-populated\">\n\t\t\t\t\t\t\t\t<div class=\"elementor-element elementor-element-b527276 elementor-widget elementor-widget-image\" data-id=\"b527276\" data-element_type=\"widget\" data-widget_type=\"image.default\">\n\t\t\t\t<div class=\"elementor-widget-container\">\n\t\t\t\t\t\t\t\t\t\t\t\t\t\t\t<img width=\"413\" height=\"149\" src=\"https:\/\/imoltda.com\/wp-content\/uploads\/2022\/07\/Pag-Web-18.png\" class=\"attachment-large size-large wp-image-16\" alt=\"\" loading=\"lazy\" srcset=\"https:\/\/imoltda.com\/wp-content\/uploads\/2022\/07\/Pag-Web-18.png 413w, https:\/\/imoltda.com\/wp-content\/uploads\/2022\/07\/Pag-Web-18-300x108.png 300w\" sizes=\"(max-width: 413px) 100vw, 413px\" \/>\t\t\t\t\t\t\t\t\t\t\t\t\t\t\t<\/div>\n\t\t\t\t<\/div>\n\t\t\t\t\t<\/div>\n\t\t<\/div>\n\t\t\t\t\t\t\t<\/div>\n\t\t<\/section>\n\t\t\t\t<section class=\"elementor-section elementor-top-section elementor-element elementor-element-493eab9 elementor-section-boxed elementor-section-height-default elementor-section-height-default\" data-id=\"493eab9\" data-element_type=\"section\" data-settings=\"{&quot;background_background&quot;:&quot;classic&quot;}\">\n\t\t\t\t\t\t<div class=\"elementor-container elementor-column-gap-default\">\n\t\t\t\t\t<div class=\"elementor-column elementor-col-50 elementor-top-column elementor-element elementor-element-a8a91c2\" data-id=\"a8a91c2\" data-element_type=\"column\">\n\t\t\t<div class=\"elementor-widget-wrap elementor-element-populated\">\n\t\t\t\t\t\t\t\t<div class=\"elementor-element elementor-element-ab83511 elementor-widget elementor-widget-image\" data-id=\"ab83511\" data-element_type=\"widget\" data-widget_type=\"image.default\">\n\t\t\t\t<div class=\"elementor-widget-container\">\n\t\t\t\t\t\t\t\t\t\t\t\t\t\t\t<img width=\"746\" height=\"368\" src=\"https:\/\/imoltda.com\/wp-content\/uploads\/2022\/07\/Captura-de-Pantalla-2022-07-21-a-las-2.18.54-p.m..png\" class=\"attachment-large size-large wp-image-116\" alt=\"\" loading=\"lazy\" srcset=\"https:\/\/imoltda.com\/wp-content\/uploads\/2022\/07\/Captura-de-Pantalla-2022-07-21-a-las-2.18.54-p.m..png 746w, https:\/\/imoltda.com\/wp-content\/uploads\/2022\/07\/Captura-de-Pantalla-2022-07-21-a-las-2.18.54-p.m.-300x148.png 300w\" sizes=\"(max-width: 746px) 100vw, 746px\" \/>\t\t\t\t\t\t\t\t\t\t\t\t\t\t\t<\/div>\n\t\t\t\t<\/div>\n\t\t\t\t\t<\/div>\n\t\t<\/div>\n\t\t\t\t<div class=\"elementor-column elementor-col-50 elementor-top-column elementor-element elementor-element-ca844c6\" data-id=\"ca844c6\" data-element_type=\"column\">\n\t\t\t<div class=\"elementor-widget-wrap elementor-element-populated\">\n\t\t\t\t\t\t\t\t<div class=\"elementor-element elementor-element-fb34736 elementor-widget elementor-widget-text-editor\" data-id=\"fb34736\" data-element_type=\"widget\" data-widget_type=\"text-editor.default\">\n\t\t\t\t<div class=\"elementor-widget-container\">\n\t\t\t\t\t\t\t<p class=\"p1\"><strong>Planta de producci\u00f3n:<\/strong> Oicat\u00e1, Km 9 autopista norte (V\u00eda Paipa)<\/p><p class=\"p1\"><strong>Oficina:<\/strong> Carrera 10\u00aa. No. 21 \u2013 15 Ed. Camol OF. 1003 &#8211; Tunja &#8211; Boyac\u00e1.<\/p>\t\t\t\t\t\t<\/div>\n\t\t\t\t<\/div>\n\t\t\t\t\t<\/div>\n\t\t<\/div>\n\t\t\t\t\t\t\t<\/div>\n\t\t<\/section>\n\t\t\t\t\t\t\t<\/div>\n\t\t","protected":false},"excerpt":{"rendered":"<p>NUESTRA HISTORIA La Inmunizadora de Maderas del Oriente Ltda fue fundada en el a\u00f1o 1979. Al iniciar la empresa orient\u00f3 sus esfuerzos al procesamiento y comercializaci\u00f3n de maderas inmunizadas bajo altos est\u00e1ndares de calidad, cumpliendo m\u00e1s de 40 a\u00f1os de trabajo exitoso en los sectores el\u00e9ctricos, mineros y de construcci\u00f3n. En su trayectoria la empresa &hellip;<\/p>\n<p class=\"read-more\"> <a class=\"\" href=\"https:\/\/imoltda.com\/?page_id=100\"> <span class=\"screen-reader-text\">Qui\u00e9nes Somos<\/span> Leer m\u00e1s &raquo;<\/a><\/p>\n","protected":false},"author":1,"featured_media":0,"parent":0,"menu_order":0,"comment_status":"closed","ping_status":"closed","template":"","meta":{"site-sidebar-layout":"no-sidebar","site-content-layout":"page-builder","ast-global-header-display":"","ast-main-header-display":"","ast-hfb-above-header-display":"","ast-hfb-below-header-display":"","ast-hfb-mobile-header-display":"","site-post-title":"disabled","ast-breadcrumbs-content":"","ast-featured-img":"disabled","footer-sml-layout":"","theme-transparent-header-meta":"","adv-header-id-meta":"","stick-header-meta":"","header-above-stick-meta":"","header-main-stick-meta":"","header-below-stick-meta":"","_joinchat":[]},"_links":{"self":[{"href":"https:\/\/imoltda.com\/index.php?rest_route=\/wp\/v2\/pages\/100"}],"collection":[{"href":"https:\/\/imoltda.com\/index.php?rest_route=\/wp\/v2\/pages"}],"about":[{"href":"https:\/\/imoltda.com\/index.php?rest_route=\/wp\/v2\/types\/page"}],"author":[{"embeddable":true,"href":"https:\/\/imoltda.com\/index.php?rest_route=\/wp\/v2\/users\/1"}],"replies":[{"embeddable":true,"href":"https:\/\/imoltda.com\/index.php?rest_route=%2Fwp%2Fv2%2Fcomments&post=100"}],"version-history":[{"count":13,"href":"https:\/\/imoltda.com\/index.php?rest_route=\/wp\/v2\/pages\/100\/revisions"}],"predecessor-version":[{"id":170,"href":"https:\/\/imoltda.com\/index.php?rest_route=\/wp\/v2\/pages\/100\/revisions\/170"}],"wp:attachment":[{"href":"https:\/\/imoltda.com\/index.php?rest_route=%2Fwp%2Fv2%2Fmedia&parent=100"}],"curies":[{"name":"wp","href":"https:\/\/api.w.org\/{rel}","templated":true}]}}