{"id":20,"date":"2022-07-21T17:52:46","date_gmt":"2022-07-21T17:52:46","guid":{"rendered":"https:\/\/imoltda.com\/?page_id=20"},"modified":"2022-07-21T19:06:31","modified_gmt":"2022-07-21T19:06:31","slug":"inicio","status":"publish","type":"page","link":"https:\/\/imoltda.com\/","title":{"rendered":"Inicio"},"content":{"rendered":"\t\t<div data-elementor-type=\"wp-page\" data-elementor-id=\"20\" class=\"elementor elementor-20\">\n\t\t\t\t\t\t\t\t\t<section class=\"elementor-section elementor-top-section elementor-element elementor-element-40cc92f elementor-section-full_width elementor-section-height-min-height elementor-section-height-default elementor-section-items-middle\" data-id=\"40cc92f\" data-element_type=\"section\" data-settings=\"{&quot;background_background&quot;:&quot;classic&quot;}\">\n\t\t\t\t\t\t<div class=\"elementor-container elementor-column-gap-default\">\n\t\t\t\t\t<div class=\"elementor-column elementor-col-50 elementor-top-column elementor-element elementor-element-97d335e\" data-id=\"97d335e\" data-element_type=\"column\">\n\t\t\t<div class=\"elementor-widget-wrap\">\n\t\t\t\t\t\t\t\t\t<\/div>\n\t\t<\/div>\n\t\t\t\t<div class=\"elementor-column elementor-col-50 elementor-top-column elementor-element elementor-element-426e860\" data-id=\"426e860\" data-element_type=\"column\">\n\t\t\t<div class=\"elementor-widget-wrap elementor-element-populated\">\n\t\t\t\t\t\t\t\t<div class=\"elementor-element elementor-element-b8c26ea elementor-widget elementor-widget-text-editor\" data-id=\"b8c26ea\" data-element_type=\"widget\" data-widget_type=\"text-editor.default\">\n\t\t\t\t<div class=\"elementor-widget-container\">\n\t\t\t<style>\/*! elementor - v3.11.5 - 14-03-2023 *\/\n.elementor-widget-text-editor.elementor-drop-cap-view-stacked .elementor-drop-cap{background-color:#818a91;color:#fff}.elementor-widget-text-editor.elementor-drop-cap-view-framed .elementor-drop-cap{color:#818a91;border:3px solid;background-color:transparent}.elementor-widget-text-editor:not(.elementor-drop-cap-view-default) .elementor-drop-cap{margin-top:8px}.elementor-widget-text-editor:not(.elementor-drop-cap-view-default) .elementor-drop-cap-letter{width:1em;height:1em}.elementor-widget-text-editor .elementor-drop-cap{float:left;text-align:center;line-height:1;font-size:50px}.elementor-widget-text-editor .elementor-drop-cap-letter{display:inline-block}<\/style>\t\t\t\tINMUNIZADORA DE\t\t\t\t\t\t<\/div>\n\t\t\t\t<\/div>\n\t\t\t\t<div class=\"elementor-element elementor-element-1792683 elementor-widget elementor-widget-text-editor\" data-id=\"1792683\" data-element_type=\"widget\" data-widget_type=\"text-editor.default\">\n\t\t\t\t<div class=\"elementor-widget-container\">\n\t\t\t\t\t\t\tMADERAS DEL ORIENTE LTDA\t\t\t\t\t\t<\/div>\n\t\t\t\t<\/div>\n\t\t\t\t<div class=\"elementor-element elementor-element-6f24fda elementor-widget elementor-widget-text-editor\" data-id=\"6f24fda\" data-element_type=\"widget\" data-widget_type=\"text-editor.default\">\n\t\t\t\t<div class=\"elementor-widget-container\">\n\t\t\t\t\t\t\t<p class=\"p1\">40 a\u00f1os inmortalizando tus ideas en madera<\/p>\t\t\t\t\t\t<\/div>\n\t\t\t\t<\/div>\n\t\t\t\t\t<\/div>\n\t\t<\/div>\n\t\t\t\t\t\t\t<\/div>\n\t\t<\/section>\n\t\t\t\t<section class=\"elementor-section elementor-top-section elementor-element elementor-element-39a4773 elementor-section-height-min-height elementor-section-boxed elementor-section-height-default elementor-section-items-middle\" data-id=\"39a4773\" data-element_type=\"section\" data-settings=\"{&quot;background_background&quot;:&quot;classic&quot;}\">\n\t\t\t\t\t\t<div class=\"elementor-container elementor-column-gap-default\">\n\t\t\t\t\t<div class=\"elementor-column elementor-col-50 elementor-top-column elementor-element elementor-element-bdb8fbc\" data-id=\"bdb8fbc\" data-element_type=\"column\">\n\t\t\t<div class=\"elementor-widget-wrap elementor-element-populated\">\n\t\t\t\t\t\t\t\t<div class=\"elementor-element elementor-element-ae04efc elementor-widget elementor-widget-text-editor\" data-id=\"ae04efc\" data-element_type=\"widget\" data-widget_type=\"text-editor.default\">\n\t\t\t\t<div class=\"elementor-widget-container\">\n\t\t\t\t\t\t\tCONT\u00c1CTANOS\t\t\t\t\t\t<\/div>\n\t\t\t\t<\/div>\n\t\t\t\t<div class=\"elementor-element elementor-element-744c5ee elementor-widget elementor-widget-text-editor\" data-id=\"744c5ee\" data-element_type=\"widget\" data-widget_type=\"text-editor.default\">\n\t\t\t\t<div class=\"elementor-widget-container\">\n\t\t\t\t\t\t\tPara que tus dise\u00f1os en madera perduren en el tiempo.\t\t\t\t\t\t<\/div>\n\t\t\t\t<\/div>\n\t\t\t\t<div class=\"elementor-element elementor-element-9f2fc73 elementor-widget elementor-widget-wpforms\" data-id=\"9f2fc73\" data-element_type=\"widget\" data-widget_type=\"wpforms.default\">\n\t\t\t\t<div class=\"elementor-widget-container\">\n\t\t\t<div class=\"wpforms-container wpforms-container-full\" id=\"wpforms-54\"><form id=\"wpforms-form-54\" class=\"wpforms-validate wpforms-form wpforms-ajax-form\" data-formid=\"54\" method=\"post\" enctype=\"multipart\/form-data\" action=\"\/index.php?rest_route=%2Fwp%2Fv2%2Fpages%2F20\" data-token=\"64f2b53d7f16921f3a0a59dd5dfa74f2\"><noscript class=\"wpforms-error-noscript\">Por favor, activa JavaScript en tu navegador para completar este formulario.<\/noscript><div class=\"wpforms-field-container\"><div id=\"wpforms-54-field_0-container\" class=\"wpforms-field wpforms-field-name\" data-field-id=\"0\"><label class=\"wpforms-field-label\" for=\"wpforms-54-field_0\">Nombre <span class=\"wpforms-required-label\">*<\/span><\/label><input type=\"text\" id=\"wpforms-54-field_0\" class=\"wpforms-field-medium wpforms-field-required\" name=\"wpforms[fields][0]\" required><\/div><div id=\"wpforms-54-field_3-container\" class=\"wpforms-field wpforms-field-number\" data-field-id=\"3\"><label class=\"wpforms-field-label\" for=\"wpforms-54-field_3\">Tel\u00e9fono<\/label><input type=\"number\" pattern=\"\\d*\" id=\"wpforms-54-field_3\" class=\"wpforms-field-medium\" name=\"wpforms[fields][3]\" ><\/div><div id=\"wpforms-54-field_1-container\" class=\"wpforms-field wpforms-field-email\" data-field-id=\"1\"><label class=\"wpforms-field-label\" for=\"wpforms-54-field_1\">Correo electr\u00f3nico <span class=\"wpforms-required-label\">*<\/span><\/label><input type=\"email\" id=\"wpforms-54-field_1\" class=\"wpforms-field-medium wpforms-field-required\" name=\"wpforms[fields][1]\" required><\/div><div id=\"wpforms-54-field_4-container\" class=\"wpforms-field wpforms-field-text\" data-field-id=\"4\"><label class=\"wpforms-field-label\" for=\"wpforms-54-field_4\">Solicitud<\/label><input type=\"text\" id=\"wpforms-54-field_4\" class=\"wpforms-field-medium\" name=\"wpforms[fields][4]\" ><\/div><div id=\"wpforms-54-field_2-container\" class=\"wpforms-field wpforms-field-textarea\" data-field-id=\"2\"><label class=\"wpforms-field-label\" for=\"wpforms-54-field_2\">Mensaje<\/label><textarea id=\"wpforms-54-field_2\" class=\"wpforms-field-medium\" name=\"wpforms[fields][2]\" ><\/textarea><\/div><\/div><div class=\"wpforms-submit-container\"><input type=\"hidden\" name=\"wpforms[id]\" value=\"54\"><input type=\"hidden\" name=\"wpforms[author]\" value=\"1\"><button type=\"submit\" name=\"wpforms[submit]\" id=\"wpforms-submit-54\" class=\"wpforms-submit\" data-alt-text=\"Enviando...\" data-submit-text=\"Enviar\" aria-live=\"assertive\" value=\"wpforms-submit\">Enviar<\/button><img loading=\"lazy\" src=\"https:\/\/imoltda.com\/wp-content\/plugins\/wpforms-lite\/assets\/images\/submit-spin.svg\" class=\"wpforms-submit-spinner\" style=\"display: none;\" width=\"26\" height=\"26\" alt=\"Cargando\"><\/div><\/form><\/div>  <!-- .wpforms-container -->\t\t<\/div>\n\t\t\t\t<\/div>\n\t\t\t\t\t<\/div>\n\t\t<\/div>\n\t\t\t\t<div class=\"elementor-column elementor-col-50 elementor-top-column elementor-element elementor-element-a53f881\" data-id=\"a53f881\" data-element_type=\"column\">\n\t\t\t<div class=\"elementor-widget-wrap\">\n\t\t\t\t\t\t\t\t\t<\/div>\n\t\t<\/div>\n\t\t\t\t\t\t\t<\/div>\n\t\t<\/section>\n\t\t\t\t<section class=\"elementor-section elementor-top-section elementor-element elementor-element-b708dea elementor-section-full_width elementor-section-height-default elementor-section-height-default\" data-id=\"b708dea\" data-element_type=\"section\" data-settings=\"{&quot;background_background&quot;:&quot;classic&quot;}\">\n\t\t\t\t\t\t<div class=\"elementor-container elementor-column-gap-default\">\n\t\t\t\t\t<div class=\"elementor-column elementor-col-50 elementor-top-column elementor-element elementor-element-2bc63cf\" data-id=\"2bc63cf\" data-element_type=\"column\">\n\t\t\t<div class=\"elementor-widget-wrap elementor-element-populated\">\n\t\t\t\t\t\t\t\t<div class=\"elementor-element elementor-element-d94e2f2 elementor-widget elementor-widget-text-editor\" data-id=\"d94e2f2\" data-element_type=\"widget\" data-widget_type=\"text-editor.default\">\n\t\t\t\t<div class=\"elementor-widget-container\">\n\t\t\t\t\t\t\tVENTAJAS DE NUESTRO PRODUCTO\t\t\t\t\t\t<\/div>\n\t\t\t\t<\/div>\n\t\t\t\t<div class=\"elementor-element elementor-element-9ce000e elementor-widget elementor-widget-text-editor\" data-id=\"9ce000e\" data-element_type=\"widget\" data-widget_type=\"text-editor.default\">\n\t\t\t\t<div class=\"elementor-widget-container\">\n\t\t\t\t\t\t\t<p class=\"p1\">\u2022 <strong>Mejora el peso;<\/strong> al momento de llegar al punto de equilibrio la madera seca e inmunizada disminuye su peso en un 80%.<\/p><p class=\"p1\">\u2022 <strong>Aumenta su resistencia<\/strong> mec\u00e1nica y estructural; las fibras de la madera a trav\u00e9s del proceso vaciaron presi\u00f3n se compactan con los poros que esta saturados ahora de CCA, haciendo una pieza m\u00e1s s\u00f3lida y compacta.<\/p><p class=\"p1\">\u2022 <strong>Retarda la incineraci\u00f3n,<\/strong> el proceso qu\u00edmico reacciona como una pel\u00edcula retardando que la madera empiece a combustionar.<\/p>\t\t\t\t\t\t<\/div>\n\t\t\t\t<\/div>\n\t\t\t\t\t<\/div>\n\t\t<\/div>\n\t\t\t\t<div class=\"elementor-column elementor-col-50 elementor-top-column elementor-element elementor-element-1fb0a89\" data-id=\"1fb0a89\" data-element_type=\"column\">\n\t\t\t<div class=\"elementor-widget-wrap elementor-element-populated\">\n\t\t\t\t\t\t\t\t<div class=\"elementor-element elementor-element-d7001d6 elementor-widget elementor-widget-image\" data-id=\"d7001d6\" data-element_type=\"widget\" data-widget_type=\"image.default\">\n\t\t\t\t<div class=\"elementor-widget-container\">\n\t\t\t<style>\/*! elementor - v3.11.5 - 14-03-2023 *\/\n.elementor-widget-image{text-align:center}.elementor-widget-image a{display:inline-block}.elementor-widget-image a img[src$=\".svg\"]{width:48px}.elementor-widget-image img{vertical-align:middle;display:inline-block}<\/style>\t\t\t\t\t\t\t\t\t\t\t\t<img width=\"845\" height=\"704\" src=\"https:\/\/imoltda.com\/wp-content\/uploads\/2022\/07\/Pag-Web-06-e1658426243864.png\" class=\"attachment-large size-large wp-image-11\" alt=\"\" loading=\"lazy\" srcset=\"https:\/\/imoltda.com\/wp-content\/uploads\/2022\/07\/Pag-Web-06-e1658426243864.png 845w, https:\/\/imoltda.com\/wp-content\/uploads\/2022\/07\/Pag-Web-06-e1658426243864-300x250.png 300w, https:\/\/imoltda.com\/wp-content\/uploads\/2022\/07\/Pag-Web-06-e1658426243864-768x640.png 768w\" sizes=\"(max-width: 845px) 100vw, 845px\" \/>\t\t\t\t\t\t\t\t\t\t\t\t\t\t\t<\/div>\n\t\t\t\t<\/div>\n\t\t\t\t\t<\/div>\n\t\t<\/div>\n\t\t\t\t\t\t\t<\/div>\n\t\t<\/section>\n\t\t\t\t<section class=\"elementor-section elementor-top-section elementor-element elementor-element-8124667 elementor-section-full_width elementor-reverse-tablet elementor-reverse-mobile elementor-section-height-default elementor-section-height-default\" data-id=\"8124667\" data-element_type=\"section\">\n\t\t\t\t\t\t<div class=\"elementor-container elementor-column-gap-default\">\n\t\t\t\t\t<div class=\"elementor-column elementor-col-50 elementor-top-column elementor-element elementor-element-bc274dc\" data-id=\"bc274dc\" data-element_type=\"column\">\n\t\t\t<div class=\"elementor-widget-wrap elementor-element-populated\">\n\t\t\t\t\t\t\t\t<div class=\"elementor-element elementor-element-c66063f elementor-widget elementor-widget-image\" data-id=\"c66063f\" data-element_type=\"widget\" data-widget_type=\"image.default\">\n\t\t\t\t<div class=\"elementor-widget-container\">\n\t\t\t\t\t\t\t\t\t\t\t\t\t\t\t<img width=\"909\" height=\"689\" src=\"https:\/\/imoltda.com\/wp-content\/uploads\/2022\/07\/Pag-Web-07.png\" class=\"attachment-large size-large wp-image-12\" alt=\"\" loading=\"lazy\" srcset=\"https:\/\/imoltda.com\/wp-content\/uploads\/2022\/07\/Pag-Web-07.png 909w, https:\/\/imoltda.com\/wp-content\/uploads\/2022\/07\/Pag-Web-07-300x227.png 300w, https:\/\/imoltda.com\/wp-content\/uploads\/2022\/07\/Pag-Web-07-768x582.png 768w\" sizes=\"(max-width: 909px) 100vw, 909px\" \/>\t\t\t\t\t\t\t\t\t\t\t\t\t\t\t<\/div>\n\t\t\t\t<\/div>\n\t\t\t\t\t<\/div>\n\t\t<\/div>\n\t\t\t\t<div class=\"elementor-column elementor-col-50 elementor-top-column elementor-element elementor-element-454b2ef\" data-id=\"454b2ef\" data-element_type=\"column\">\n\t\t\t<div class=\"elementor-widget-wrap elementor-element-populated\">\n\t\t\t\t\t\t\t\t<div class=\"elementor-element elementor-element-d50e37d elementor-widget elementor-widget-text-editor\" data-id=\"d50e37d\" data-element_type=\"widget\" data-widget_type=\"text-editor.default\">\n\t\t\t\t<div class=\"elementor-widget-container\">\n\t\t\t\t\t\t\t<p class=\"p1\">\u2022 <strong>Aumenta la vida \u00fatil de la madera;<\/strong> es una de las principales propiedades que tiene el proceso de inmunizado, siendo un insecticida, pesticida y fijador que disminuye un proceso de lixiviaci\u00f3n que conlleva a m\u00ednimo 20 a\u00f1os de durabilidad.<\/p><p class=\"p1\">\u2022 <strong>Disminuye la tala excesiva de \u00e1rboles;<\/strong> al ser utilizada en procesos industriales como la miner\u00eda, disminuye en un 80% la tala indiscriminada de bosque teniendo presente que su vida \u00fatil pasa de 4-5 a\u00f1os a 20-25 a\u00f1os de durabilidad.<\/p><p class=\"p1\">\u2022 <strong>Costo beneficio a largo plazo,<\/strong> la inversi\u00f3n inicial es un poco costosa, pero en largo plazo reduce costos de mano de obra y materiales que se desarrollen un proyect\u00f3 de m\u00e1s de 10 a\u00f1os.<\/p>\t\t\t\t\t\t<\/div>\n\t\t\t\t<\/div>\n\t\t\t\t\t<\/div>\n\t\t<\/div>\n\t\t\t\t\t\t\t<\/div>\n\t\t<\/section>\n\t\t\t\t<section class=\"elementor-section elementor-top-section elementor-element elementor-element-493eab9 elementor-section-boxed elementor-section-height-default elementor-section-height-default\" data-id=\"493eab9\" data-element_type=\"section\" data-settings=\"{&quot;background_background&quot;:&quot;classic&quot;}\">\n\t\t\t\t\t\t<div class=\"elementor-container elementor-column-gap-default\">\n\t\t\t\t\t<div class=\"elementor-column elementor-col-50 elementor-top-column elementor-element elementor-element-a8a91c2\" data-id=\"a8a91c2\" data-element_type=\"column\">\n\t\t\t<div class=\"elementor-widget-wrap elementor-element-populated\">\n\t\t\t\t\t\t\t\t<div class=\"elementor-element elementor-element-ab83511 elementor-widget elementor-widget-image\" data-id=\"ab83511\" data-element_type=\"widget\" data-widget_type=\"image.default\">\n\t\t\t\t<div class=\"elementor-widget-container\">\n\t\t\t\t\t\t\t\t\t\t\t\t\t\t\t<img width=\"620\" height=\"255\" src=\"https:\/\/imoltda.com\/wp-content\/uploads\/2022\/07\/Pag-Web-15.jpg\" class=\"attachment-large size-large wp-image-13\" alt=\"\" loading=\"lazy\" srcset=\"https:\/\/imoltda.com\/wp-content\/uploads\/2022\/07\/Pag-Web-15.jpg 620w, https:\/\/imoltda.com\/wp-content\/uploads\/2022\/07\/Pag-Web-15-300x123.jpg 300w\" sizes=\"(max-width: 620px) 100vw, 620px\" \/>\t\t\t\t\t\t\t\t\t\t\t\t\t\t\t<\/div>\n\t\t\t\t<\/div>\n\t\t\t\t<div class=\"elementor-element elementor-element-8e1f544 elementor-widget elementor-widget-text-editor\" data-id=\"8e1f544\" data-element_type=\"widget\" data-widget_type=\"text-editor.default\">\n\t\t\t\t<div class=\"elementor-widget-container\">\n\t\t\t\t\t\t\tEmpresa de Energ\u00eda de Boyac\u00e1 EBSA\t\t\t\t\t\t<\/div>\n\t\t\t\t<\/div>\n\t\t\t\t<div class=\"elementor-element elementor-element-796668a elementor-widget elementor-widget-text-editor\" data-id=\"796668a\" data-element_type=\"widget\" data-widget_type=\"text-editor.default\">\n\t\t\t\t<div class=\"elementor-widget-container\">\n\t\t\t\t\t\t\tBreve relato sobre la experiencia de este cliente con\nmaderas inmunizadas IMO.\t\t\t\t\t\t<\/div>\n\t\t\t\t<\/div>\n\t\t\t\t\t<\/div>\n\t\t<\/div>\n\t\t\t\t<div class=\"elementor-column elementor-col-50 elementor-top-column elementor-element elementor-element-ca844c6\" data-id=\"ca844c6\" data-element_type=\"column\">\n\t\t\t<div class=\"elementor-widget-wrap elementor-element-populated\">\n\t\t\t\t\t\t\t\t<div class=\"elementor-element elementor-element-36c96d0 elementor-widget elementor-widget-image\" data-id=\"36c96d0\" data-element_type=\"widget\" data-widget_type=\"image.default\">\n\t\t\t\t<div class=\"elementor-widget-container\">\n\t\t\t\t\t\t\t\t\t\t\t\t\t\t\t<img width=\"620\" height=\"255\" src=\"https:\/\/imoltda.com\/wp-content\/uploads\/2022\/07\/Pag-Web-16.jpg\" class=\"attachment-large size-large wp-image-14\" alt=\"\" loading=\"lazy\" srcset=\"https:\/\/imoltda.com\/wp-content\/uploads\/2022\/07\/Pag-Web-16.jpg 620w, https:\/\/imoltda.com\/wp-content\/uploads\/2022\/07\/Pag-Web-16-300x123.jpg 300w\" sizes=\"(max-width: 620px) 100vw, 620px\" \/>\t\t\t\t\t\t\t\t\t\t\t\t\t\t\t<\/div>\n\t\t\t\t<\/div>\n\t\t\t\t<div class=\"elementor-element elementor-element-cd964fd elementor-widget elementor-widget-text-editor\" data-id=\"cd964fd\" data-element_type=\"widget\" data-widget_type=\"text-editor.default\">\n\t\t\t\t<div class=\"elementor-widget-container\">\n\t\t\t\t\t\t\tCodensa\t\t\t\t\t\t<\/div>\n\t\t\t\t<\/div>\n\t\t\t\t<div class=\"elementor-element elementor-element-fb34736 elementor-widget elementor-widget-text-editor\" data-id=\"fb34736\" data-element_type=\"widget\" data-widget_type=\"text-editor.default\">\n\t\t\t\t<div class=\"elementor-widget-container\">\n\t\t\t\t\t\t\tBreve relato sobre la experiencia de este cliente con\nmaderas inmunizadas IMO.\t\t\t\t\t\t<\/div>\n\t\t\t\t<\/div>\n\t\t\t\t\t<\/div>\n\t\t<\/div>\n\t\t\t\t\t\t\t<\/div>\n\t\t<\/section>\n\t\t\t\t<section class=\"elementor-section elementor-top-section elementor-element elementor-element-2202ad0 elementor-section-boxed elementor-section-height-default elementor-section-height-default\" data-id=\"2202ad0\" data-element_type=\"section\" data-settings=\"{&quot;background_background&quot;:&quot;classic&quot;}\">\n\t\t\t\t\t\t<div class=\"elementor-container elementor-column-gap-default\">\n\t\t\t\t\t<div class=\"elementor-column elementor-col-33 elementor-top-column elementor-element elementor-element-4fb031c\" data-id=\"4fb031c\" data-element_type=\"column\">\n\t\t\t<div class=\"elementor-widget-wrap elementor-element-populated\">\n\t\t\t\t\t\t\t\t<div class=\"elementor-element elementor-element-26e72af elementor-widget elementor-widget-text-editor\" data-id=\"26e72af\" data-element_type=\"widget\" data-widget_type=\"text-editor.default\">\n\t\t\t\t<div class=\"elementor-widget-container\">\n\t\t\t\t\t\t\tCertificados por:\t\t\t\t\t\t<\/div>\n\t\t\t\t<\/div>\n\t\t\t\t\t<\/div>\n\t\t<\/div>\n\t\t\t\t<div class=\"elementor-column elementor-col-33 elementor-top-column elementor-element elementor-element-8502af2\" data-id=\"8502af2\" data-element_type=\"column\">\n\t\t\t<div class=\"elementor-widget-wrap elementor-element-populated\">\n\t\t\t\t\t\t\t\t<div class=\"elementor-element elementor-element-57d0dce elementor-widget elementor-widget-image\" data-id=\"57d0dce\" data-element_type=\"widget\" data-widget_type=\"image.default\">\n\t\t\t\t<div class=\"elementor-widget-container\">\n\t\t\t\t\t\t\t\t\t\t\t\t\t\t\t<img width=\"413\" height=\"145\" src=\"https:\/\/imoltda.com\/wp-content\/uploads\/2022\/07\/Pag-Web-17.png\" class=\"attachment-large size-large wp-image-15\" alt=\"\" loading=\"lazy\" srcset=\"https:\/\/imoltda.com\/wp-content\/uploads\/2022\/07\/Pag-Web-17.png 413w, https:\/\/imoltda.com\/wp-content\/uploads\/2022\/07\/Pag-Web-17-300x105.png 300w\" sizes=\"(max-width: 413px) 100vw, 413px\" \/>\t\t\t\t\t\t\t\t\t\t\t\t\t\t\t<\/div>\n\t\t\t\t<\/div>\n\t\t\t\t\t<\/div>\n\t\t<\/div>\n\t\t\t\t<div class=\"elementor-column elementor-col-33 elementor-top-column elementor-element elementor-element-58d5ac9\" data-id=\"58d5ac9\" data-element_type=\"column\">\n\t\t\t<div class=\"elementor-widget-wrap elementor-element-populated\">\n\t\t\t\t\t\t\t\t<div class=\"elementor-element elementor-element-b527276 elementor-widget elementor-widget-image\" data-id=\"b527276\" data-element_type=\"widget\" data-widget_type=\"image.default\">\n\t\t\t\t<div class=\"elementor-widget-container\">\n\t\t\t\t\t\t\t\t\t\t\t\t\t\t\t<img width=\"413\" height=\"149\" src=\"https:\/\/imoltda.com\/wp-content\/uploads\/2022\/07\/Pag-Web-18.png\" class=\"attachment-large size-large wp-image-16\" alt=\"\" loading=\"lazy\" srcset=\"https:\/\/imoltda.com\/wp-content\/uploads\/2022\/07\/Pag-Web-18.png 413w, https:\/\/imoltda.com\/wp-content\/uploads\/2022\/07\/Pag-Web-18-300x108.png 300w\" sizes=\"(max-width: 413px) 100vw, 413px\" \/>\t\t\t\t\t\t\t\t\t\t\t\t\t\t\t<\/div>\n\t\t\t\t<\/div>\n\t\t\t\t\t<\/div>\n\t\t<\/div>\n\t\t\t\t\t\t\t<\/div>\n\t\t<\/section>\n\t\t\t\t\t\t\t<\/div>\n\t\t","protected":false},"excerpt":{"rendered":"<p>INMUNIZADORA DEMADERAS DEL ORIENTE LTDA 40 a\u00f1os inmortalizando tus ideas en madera CONT\u00c1CTANOSPara que tus dise\u00f1os en madera perduren en el tiempo.VENTAJAS DE NUESTRO PRODUCTO \u2022 Mejora el peso; al momento de llegar al punto de equilibrio la madera seca e inmunizada disminuye su peso en un 80%. \u2022 Aumenta su resistencia mec\u00e1nica y estructural; &hellip;<\/p>\n<p class=\"read-more\"> <a class=\"\" href=\"https:\/\/imoltda.com\/\"> <span class=\"screen-reader-text\">Inicio<\/span> Leer m\u00e1s &raquo;<\/a><\/p>\n","protected":false},"author":1,"featured_media":0,"parent":0,"menu_order":0,"comment_status":"closed","ping_status":"closed","template":"","meta":{"site-sidebar-layout":"no-sidebar","site-content-layout":"page-builder","ast-global-header-display":"","ast-main-header-display":"","ast-hfb-above-header-display":"","ast-hfb-below-header-display":"","ast-hfb-mobile-header-display":"","site-post-title":"disabled","ast-breadcrumbs-content":"","ast-featured-img":"disabled","footer-sml-layout":"","theme-transparent-header-meta":"","adv-header-id-meta":"","stick-header-meta":"","header-above-stick-meta":"","header-main-stick-meta":"","header-below-stick-meta":"","_joinchat":[]},"_links":{"self":[{"href":"https:\/\/imoltda.com\/index.php?rest_route=\/wp\/v2\/pages\/20"}],"collection":[{"href":"https:\/\/imoltda.com\/index.php?rest_route=\/wp\/v2\/pages"}],"about":[{"href":"https:\/\/imoltda.com\/index.php?rest_route=\/wp\/v2\/types\/page"}],"author":[{"embeddable":true,"href":"https:\/\/imoltda.com\/index.php?rest_route=\/wp\/v2\/users\/1"}],"replies":[{"embeddable":true,"href":"https:\/\/imoltda.com\/index.php?rest_route=%2Fwp%2Fv2%2Fcomments&post=20"}],"version-history":[{"count":58,"href":"https:\/\/imoltda.com\/index.php?rest_route=\/wp\/v2\/pages\/20\/revisions"}],"predecessor-version":[{"id":97,"href":"https:\/\/imoltda.com\/index.php?rest_route=\/wp\/v2\/pages\/20\/revisions\/97"}],"wp:attachment":[{"href":"https:\/\/imoltda.com\/index.php?rest_route=%2Fwp%2Fv2%2Fmedia&parent=20"}],"curies":[{"name":"wp","href":"https:\/\/api.w.org\/{rel}","templated":true}]}}